{"id":214,"date":"2021-02-01T15:18:53","date_gmt":"2021-02-01T14:18:53","guid":{"rendered":"https:\/\/www.harenviks.se\/hem\/"},"modified":"2025-11-20T08:19:40","modified_gmt":"2025-11-20T07:19:40","slug":"hem","status":"publish","type":"page","link":"https:\/\/www.harenviks.se\/en\/","title":{"rendered":"Home"},"content":{"rendered":"\n<div style=\"height:1px\" aria-hidden=\"true\" class=\"wp-block-spacer\"><\/div>\n\n\n\n<hr class=\"wp-block-separator has-text-color has-light-grey-color has-css-opacity has-light-grey-background-color has-background is-style-default\"\/>\n\n\n\n<div style=\"height:1px\" aria-hidden=\"true\" class=\"wp-block-spacer\"><\/div>\n\n\n\n<div class=\"wp-block-group alignfull has-emblem\"><div class=\"wp-block-group__inner-container is-layout-flow wp-block-group-is-layout-flow\">\n<div class=\"wp-block-columns alignwide is-layout-flex wp-container-core-columns-is-layout-9d6595d7 wp-block-columns-is-layout-flex\">\n<div class=\"wp-block-column is-layout-flow wp-block-column-is-layout-flow\">\n\n<div class=\"puff-block \">\n         <a title=\"Development \/ Optimization - H\u00e4renviks\" class=\"button\" href=\"https:\/\/www.harenviks.se\/en\/optimering-konstruktion\/\" target=\"_self\">\n<div class=\"wp-block-image\">\n<figure class=\"aligncenter size-large is-resized\"><img loading=\"lazy\" decoding=\"async\" width=\"342\" height=\"372\" src=\"https:\/\/www.harenviks.se\/app\/uploads\/2021\/03\/konstrukt.svg\" alt=\"\" class=\"wp-image-345\" style=\"width:86px;height:93px\"\/><\/figure>\n<\/div>\n\n\n<div class=\"wp-block-group\"><div class=\"wp-block-group__inner-container is-layout-flow wp-block-group-is-layout-flow\">\n<h3 class=\"wp-block-heading has-text-align-center\">Development and Optimization<\/h3>\n\n\n\n<p class=\"has-text-align-center\">By optimizing the design and production of your product, we can reduce costs and increase quality at the same time.<\/p>\n<\/div><\/div>\n\n        <\/a>\n    <\/div>\n\n\n\n\n\n\n<p><\/p>\n<\/div>\n\n\n\n<div class=\"wp-block-column is-layout-flow wp-block-column-is-layout-flow\">\n\n<div class=\"puff-block \">\n         <a title=\"Machining - H\u00e4renviks\" class=\"button\" href=\"https:\/\/www.harenviks.se\/en\/skarande-bearbetning\/\" target=\"_self\">\n<div class=\"wp-block-image\">\n<figure class=\"aligncenter size-large is-resized\"><img loading=\"lazy\" decoding=\"async\" width=\"551\" height=\"289\" src=\"https:\/\/www.harenviks.se\/app\/uploads\/2021\/03\/skarande.svg\" alt=\"\" class=\"wp-image-347\" style=\"width:138px;height:72px\"\/><\/figure>\n<\/div>\n\n\n<div class=\"wp-block-group\"><div class=\"wp-block-group__inner-container is-layout-flow wp-block-group-is-layout-flow\">\n<h3 class=\"wp-block-heading has-text-align-center\">Machining<\/h3>\n\n\n\n<p class=\"has-text-align-center\">Thanks to our deep knowledge in materials, technology and machines, we can help you take your product from &#8220;good&#8221; to fantastic. <\/p>\n<\/div><\/div>\n\n        <\/a>\n    <\/div>\n\n\n\n<\/div>\n<\/div>\n\n\n\n<div class=\"wp-block-columns alignwide is-layout-flex wp-container-core-columns-is-layout-9d6595d7 wp-block-columns-is-layout-flex\">\n<div class=\"wp-block-column is-layout-flow wp-block-column-is-layout-flow\">\n\n<div class=\"puff-block \">\n         <a title=\"Tool manufacturing - H\u00e4renviks\" class=\"button\" href=\"https:\/\/www.harenviks.se\/en\/verktygstillverkning\/\" target=\"_self\">\n<div class=\"wp-block-image\">\n<figure class=\"aligncenter size-large is-resized\"><img loading=\"lazy\" decoding=\"async\" width=\"311\" height=\"314\" src=\"https:\/\/www.harenviks.se\/app\/uploads\/2021\/03\/verktyg.svg\" alt=\"\" class=\"wp-image-349\" style=\"width:78px;height:79px\"\/><\/figure>\n<\/div>\n\n\n<div class=\"wp-block-group\"><div class=\"wp-block-group__inner-container is-layout-flow wp-block-group-is-layout-flow\">\n<h3 class=\"wp-block-heading has-text-align-center\">Tool manufacturing<\/h3>\n\n\n\n<p class=\"has-text-align-center\">At H\u00e4renviks\u00b4 facility, there are all the prerequisites for you to get a foundry model that is optimal for your product &#8211; and your production.<\/p>\n<\/div><\/div>\n\n        <\/a>\n    <\/div>\n\n\n\n<\/div>\n\n\n\n<div class=\"wp-block-column is-layout-flow wp-block-column-is-layout-flow\">\n\n<div class=\"puff-block \">\n         <a title=\"Castings - H\u00e4renviks\" class=\"button\" href=\"https:\/\/www.harenviks.se\/en\/gjutgods\/\" target=\"_self\">\n<div class=\"wp-block-image\">\n<figure class=\"aligncenter size-large is-resized\"><img loading=\"lazy\" decoding=\"async\" width=\"454\" height=\"318\" src=\"https:\/\/www.harenviks.se\/app\/uploads\/2021\/03\/gjut.svg\" alt=\"\" class=\"wp-image-351\" style=\"width:114px;height:80px\"\/><\/figure>\n<\/div>\n\n\n<div class=\"wp-block-group\"><div class=\"wp-block-group__inner-container is-layout-flow wp-block-group-is-layout-flow\">\n<h3 class=\"wp-block-heading has-text-align-center\">Castings<\/h3>\n\n\n\n<p class=\"has-text-align-center\">We have worked with castings for many years and know which technology and which material suits what. Simply &#8211; we are experts in casting.<\/p>\n<\/div><\/div>\n\n        <\/a>\n    <\/div>\n\n\n\n<\/div>\n<\/div>\n\n\n\n<div style=\"height:50px\" aria-hidden=\"true\" class=\"wp-block-spacer\"><\/div>\n<\/div><\/div>\n\n\n\n<div class=\"wp-block-columns alignfull full-sektion text-right has-primary-color-background-color has-background is-layout-flex wp-container-core-columns-is-layout-9d6595d7 wp-block-columns-is-layout-flex\">\n<div class=\"wp-block-column is-layout-flow wp-block-column-is-layout-flow\">\n<figure class=\"wp-block-image size-large\"><img loading=\"lazy\" decoding=\"async\" width=\"1024\" height=\"683\" src=\"https:\/\/www.harenviks.se\/app\/uploads\/2021\/02\/dsc_1177.jpg\" alt=\"\" class=\"wp-image-291\" srcset=\"https:\/\/www.harenviks.se\/app\/uploads\/2021\/02\/dsc_1177.jpg 1024w, https:\/\/www.harenviks.se\/app\/uploads\/2021\/02\/dsc_1177-300x200.jpg 300w, https:\/\/www.harenviks.se\/app\/uploads\/2021\/02\/dsc_1177-768x512.jpg 768w\" sizes=\"auto, (max-width: 1024px) 100vw, 1024px\" \/><\/figure>\n<\/div>\n\n\n\n<div class=\"wp-block-column is-vertically-aligned-center is-layout-flow wp-block-column-is-layout-flow\">\n<h3 class=\"wp-block-heading has-white-color has-text-color\">H\u00c4RENVIKS &#8211; A SOLID COMPANY<\/h3>\n\n\n\n<p class=\"has-white-color has-text-color\">H\u00e4renviks is a complete partner for you who develop and sell products that contain castings. In recent years, we have helped many companies to optimize their design, improve quality and reduce production costs. Thanks to a unique knowledge of materials, technology and machines, we can make the difficult a little easier. We are a solid company.. <\/p>\n\n\n\n<div class=\"wp-block-buttons is-layout-flex wp-block-buttons-is-layout-flex\">\n<div class=\"wp-block-button is-style-arrow-right\"><a class=\"wp-block-button__link has-white-color has-secondary-color-background-color has-text-color has-background wp-element-button\" href=\"https:\/\/www.harenviks.se\/en\/om-harenviks\/\" style=\"border-radius:3px\">Read more<\/a><\/div>\n<\/div>\n<\/div>\n<\/div>\n\n\n\n<div id=\"kontakt-puff-block_34e67f52443f2910f18f8bf2d085f0fe\" class=\"kontakt-puff alignfull\">\n    <div class=\"inner\">\n        <div class=\"left relative\">\n            \n            <img decoding=\"async\" src=\"https:\/\/www.harenviks.se\/app\/themes\/startpaket2\/assets\/img\/Thomas_Philip.png\" alt=\"Thomas - H\u00e4renviks\">\n        <\/div>\n        <div class=\"right\">\n\n        \n\n<h2 class=\"wp-block-heading\">How can we help you?<\/h2>\n\n\n\n<p>We respond quickly to your enquireis, and we do our outmost to support you with your products.<\/p>\n\n\n\n<div class=\"wp-block-buttons is-layout-flex wp-block-buttons-is-layout-flex\">\n<div class=\"wp-block-button is-style-arrow-right\"><a class=\"wp-block-button__link has-white-color has-secondary-color-background-color has-text-color has-background wp-element-button\" href=\"https:\/\/www.harenviks.se\/en\/kontakt\/\">Contact us<\/a><\/div>\n<\/div>\n\n        <\/div>\n    <\/div>\n\n\n<\/div>\n","protected":false},"excerpt":{"rendered":"<p>H\u00c4RENVIKS &#8211; A SOLID COMPANY H\u00e4renviks is a complete partner for you who develop and sell products that contain castings. In recent years, we have helped many companies to optimize their design, improve quality and reduce production costs. Thanks to a unique knowledge of materials, technology and machines, we can make the difficult a little [&hellip;]<\/p>\n","protected":false},"author":1,"featured_media":0,"parent":0,"menu_order":0,"comment_status":"closed","ping_status":"closed","template":"","meta":{"_acf_changed":false,"inline_featured_image":false,"footnotes":""},"class_list":["post-214","page","type-page","status-publish","hentry"],"acf":[],"yoast_head":"<!-- This site is optimized with the Yoast SEO plugin v27.5 - https:\/\/yoast.com\/product\/yoast-seo-wordpress\/ -->\n<title>Home - H\u00e4renviks<\/title>\n<meta name=\"robots\" content=\"index, follow, max-snippet:-1, max-image-preview:large, max-video-preview:-1\" \/>\n<link rel=\"canonical\" href=\"https:\/\/www.harenviks.se\/en\/\" \/>\n<meta property=\"og:locale\" content=\"en_US\" \/>\n<meta property=\"og:type\" content=\"article\" \/>\n<meta property=\"og:title\" content=\"Home - H\u00e4renviks\" \/>\n<meta property=\"og:description\" content=\"H\u00c4RENVIKS &#8211; A SOLID COMPANY H\u00e4renviks is a complete partner for you who develop and sell products that contain castings. In recent years, we have helped many companies to optimize their design, improve quality and reduce production costs. Thanks to a unique knowledge of materials, technology and machines, we can make the difficult a little [&hellip;]\" \/>\n<meta property=\"og:url\" content=\"https:\/\/www.harenviks.se\/en\/\" \/>\n<meta property=\"og:site_name\" content=\"H\u00e4renviks\" \/>\n<meta property=\"article:modified_time\" content=\"2025-11-20T07:19:40+00:00\" \/>\n<meta property=\"og:image\" content=\"https:\/\/www.harenviks.se\/app\/uploads\/2021\/02\/dsc_1210.jpg\" \/>\n<meta name=\"twitter:card\" content=\"summary_large_image\" \/>\n<meta name=\"twitter:label1\" content=\"Est. reading time\" \/>\n\t<meta name=\"twitter:data1\" content=\"2 minutes\" \/>\n<script type=\"application\/ld+json\" class=\"yoast-schema-graph\">{\"@context\":\"https:\\\/\\\/schema.org\",\"@graph\":[{\"@type\":\"WebPage\",\"@id\":\"https:\\\/\\\/www.harenviks.se\\\/en\\\/\",\"url\":\"https:\\\/\\\/www.harenviks.se\\\/en\\\/\",\"name\":\"Home - H\u00e4renviks\",\"isPartOf\":{\"@id\":\"https:\\\/\\\/www.harenviks.se\\\/#website\"},\"primaryImageOfPage\":{\"@id\":\"https:\\\/\\\/www.harenviks.se\\\/en\\\/#primaryimage\"},\"image\":{\"@id\":\"https:\\\/\\\/www.harenviks.se\\\/en\\\/#primaryimage\"},\"thumbnailUrl\":\"https:\\\/\\\/www.harenviks.se\\\/app\\\/uploads\\\/2021\\\/03\\\/konstrukt.svg\",\"datePublished\":\"2021-02-01T14:18:53+00:00\",\"dateModified\":\"2025-11-20T07:19:40+00:00\",\"breadcrumb\":{\"@id\":\"https:\\\/\\\/www.harenviks.se\\\/en\\\/#breadcrumb\"},\"inLanguage\":\"en-US\",\"potentialAction\":[{\"@type\":\"ReadAction\",\"target\":[\"https:\\\/\\\/www.harenviks.se\\\/en\\\/\"]}]},{\"@type\":\"ImageObject\",\"inLanguage\":\"en-US\",\"@id\":\"https:\\\/\\\/www.harenviks.se\\\/en\\\/#primaryimage\",\"url\":\"https:\\\/\\\/www.harenviks.se\\\/app\\\/uploads\\\/2021\\\/03\\\/konstrukt.svg\",\"contentUrl\":\"https:\\\/\\\/www.harenviks.se\\\/app\\\/uploads\\\/2021\\\/03\\\/konstrukt.svg\"},{\"@type\":\"BreadcrumbList\",\"@id\":\"https:\\\/\\\/www.harenviks.se\\\/en\\\/#breadcrumb\",\"itemListElement\":[{\"@type\":\"ListItem\",\"position\":1,\"name\":\"Hem\",\"item\":\"https:\\\/\\\/www.harenviks.se\\\/en\\\/\"},{\"@type\":\"ListItem\",\"position\":2,\"name\":\"Home\"}]},{\"@type\":\"WebSite\",\"@id\":\"https:\\\/\\\/www.harenviks.se\\\/#website\",\"url\":\"https:\\\/\\\/www.harenviks.se\\\/\",\"name\":\"H\u00e4renviks\",\"description\":\"Ett helgjutet f\u00f6retag\",\"potentialAction\":[{\"@type\":\"SearchAction\",\"target\":{\"@type\":\"EntryPoint\",\"urlTemplate\":\"https:\\\/\\\/www.harenviks.se\\\/?s={search_term_string}\"},\"query-input\":{\"@type\":\"PropertyValueSpecification\",\"valueRequired\":true,\"valueName\":\"search_term_string\"}}],\"inLanguage\":\"en-US\"}]}<\/script>\n<!-- \/ Yoast SEO plugin. -->","yoast_head_json":{"title":"Home - H\u00e4renviks","robots":{"index":"index","follow":"follow","max-snippet":"max-snippet:-1","max-image-preview":"max-image-preview:large","max-video-preview":"max-video-preview:-1"},"canonical":"https:\/\/www.harenviks.se\/en\/","og_locale":"en_US","og_type":"article","og_title":"Home - H\u00e4renviks","og_description":"H\u00c4RENVIKS &#8211; A SOLID COMPANY H\u00e4renviks is a complete partner for you who develop and sell products that contain castings. In recent years, we have helped many companies to optimize their design, improve quality and reduce production costs. Thanks to a unique knowledge of materials, technology and machines, we can make the difficult a little [&hellip;]","og_url":"https:\/\/www.harenviks.se\/en\/","og_site_name":"H\u00e4renviks","article_modified_time":"2025-11-20T07:19:40+00:00","og_image":[{"url":"https:\/\/www.harenviks.se\/app\/uploads\/2021\/02\/dsc_1210.jpg","type":"","width":"","height":""}],"twitter_card":"summary_large_image","twitter_misc":{"Est. reading time":"2 minutes"},"schema":{"@context":"https:\/\/schema.org","@graph":[{"@type":"WebPage","@id":"https:\/\/www.harenviks.se\/en\/","url":"https:\/\/www.harenviks.se\/en\/","name":"Home - H\u00e4renviks","isPartOf":{"@id":"https:\/\/www.harenviks.se\/#website"},"primaryImageOfPage":{"@id":"https:\/\/www.harenviks.se\/en\/#primaryimage"},"image":{"@id":"https:\/\/www.harenviks.se\/en\/#primaryimage"},"thumbnailUrl":"https:\/\/www.harenviks.se\/app\/uploads\/2021\/03\/konstrukt.svg","datePublished":"2021-02-01T14:18:53+00:00","dateModified":"2025-11-20T07:19:40+00:00","breadcrumb":{"@id":"https:\/\/www.harenviks.se\/en\/#breadcrumb"},"inLanguage":"en-US","potentialAction":[{"@type":"ReadAction","target":["https:\/\/www.harenviks.se\/en\/"]}]},{"@type":"ImageObject","inLanguage":"en-US","@id":"https:\/\/www.harenviks.se\/en\/#primaryimage","url":"https:\/\/www.harenviks.se\/app\/uploads\/2021\/03\/konstrukt.svg","contentUrl":"https:\/\/www.harenviks.se\/app\/uploads\/2021\/03\/konstrukt.svg"},{"@type":"BreadcrumbList","@id":"https:\/\/www.harenviks.se\/en\/#breadcrumb","itemListElement":[{"@type":"ListItem","position":1,"name":"Hem","item":"https:\/\/www.harenviks.se\/en\/"},{"@type":"ListItem","position":2,"name":"Home"}]},{"@type":"WebSite","@id":"https:\/\/www.harenviks.se\/#website","url":"https:\/\/www.harenviks.se\/","name":"H\u00e4renviks","description":"Ett helgjutet f\u00f6retag","potentialAction":[{"@type":"SearchAction","target":{"@type":"EntryPoint","urlTemplate":"https:\/\/www.harenviks.se\/?s={search_term_string}"},"query-input":{"@type":"PropertyValueSpecification","valueRequired":true,"valueName":"search_term_string"}}],"inLanguage":"en-US"}]}},"_links":{"self":[{"href":"https:\/\/www.harenviks.se\/en\/wp-json\/wp\/v2\/pages\/214","targetHints":{"allow":["GET"]}}],"collection":[{"href":"https:\/\/www.harenviks.se\/en\/wp-json\/wp\/v2\/pages"}],"about":[{"href":"https:\/\/www.harenviks.se\/en\/wp-json\/wp\/v2\/types\/page"}],"author":[{"embeddable":true,"href":"https:\/\/www.harenviks.se\/en\/wp-json\/wp\/v2\/users\/1"}],"replies":[{"embeddable":true,"href":"https:\/\/www.harenviks.se\/en\/wp-json\/wp\/v2\/comments?post=214"}],"version-history":[{"count":5,"href":"https:\/\/www.harenviks.se\/en\/wp-json\/wp\/v2\/pages\/214\/revisions"}],"predecessor-version":[{"id":907,"href":"https:\/\/www.harenviks.se\/en\/wp-json\/wp\/v2\/pages\/214\/revisions\/907"}],"wp:attachment":[{"href":"https:\/\/www.harenviks.se\/en\/wp-json\/wp\/v2\/media?parent=214"}],"curies":[{"name":"wp","href":"https:\/\/api.w.org\/{rel}","templated":true}]}}